{"id":25062,"date":"2026-03-02T10:43:02","date_gmt":"2026-03-02T08:43:02","guid":{"rendered":"https:\/\/estkey.ee\/?post_type=product&#038;p=25062"},"modified":"2026-04-23T16:25:22","modified_gmt":"2026-04-23T14:25:22","slug":"euro-locks-p863-postkasti-lukk","status":"publish","type":"product","link":"https:\/\/estkey.ee\/et\/product\/euro-locks-p863-postkasti-lukk\/","title":{"rendered":"EURO-LOCKS P863 postkasti lukk"},"content":{"rendered":"","protected":false},"excerpt":{"rendered":"<p>Sarjastatud lukud,k\u00f5ik lukud saab avada \u00fche v\u00f5tmega.<\/p>\n","protected":false},"featured_media":25063,"template":"","meta":[],"product_brand":[],"product_cat":[80,83],"product_tag":[],"class_list":{"0":"post-25062","1":"product","2":"type-product","3":"status-publish","4":"has-post-thumbnail","6":"product_cat-lukud","7":"product_cat-postlukud","9":"first","10":"instock","11":"taxable","12":"shipping-taxable","13":"purchasable","14":"product-type-simple"},"_links":{"self":[{"href":"https:\/\/estkey.ee\/et\/wp-json\/wp\/v2\/product\/25062","targetHints":{"allow":["GET"]}}],"collection":[{"href":"https:\/\/estkey.ee\/et\/wp-json\/wp\/v2\/product"}],"about":[{"href":"https:\/\/estkey.ee\/et\/wp-json\/wp\/v2\/types\/product"}],"wp:featuredmedia":[{"embeddable":true,"href":"https:\/\/estkey.ee\/et\/wp-json\/wp\/v2\/media\/25063"}],"wp:attachment":[{"href":"https:\/\/estkey.ee\/et\/wp-json\/wp\/v2\/media?parent=25062"}],"wp:term":[{"taxonomy":"product_brand","embeddable":true,"href":"https:\/\/estkey.ee\/et\/wp-json\/wp\/v2\/product_brand?post=25062"},{"taxonomy":"product_cat","embeddable":true,"href":"https:\/\/estkey.ee\/et\/wp-json\/wp\/v2\/product_cat?post=25062"},{"taxonomy":"product_tag","embeddable":true,"href":"https:\/\/estkey.ee\/et\/wp-json\/wp\/v2\/product_tag?post=25062"}],"curies":[{"name":"wp","href":"https:\/\/api.w.org\/{rel}","templated":true}]}}