{"id":21981,"date":"2023-08-03T16:40:46","date_gmt":"2023-08-03T14:40:46","guid":{"rendered":"https:\/\/estkey.ee\/?post_type=product&#038;p=21981"},"modified":"2026-04-27T14:28:43","modified_gmt":"2026-04-27T12:28:43","slug":"motorline-falk","status":"publish","type":"product","link":"https:\/\/estkey.ee\/et\/product\/motorline-falk\/","title":{"rendered":"MOTORLINE FALK v\u00e4ravapult"},"content":{"rendered":"V\u00e4ravapult Motorline Falk (4-kanaliga, d\u00fcnaamiline kood)","protected":false},"excerpt":{"rendered":"<p>V\u00e4ravapult Motorline Falk (4-kanaliga, d\u00fcnaamiline kood)<\/p>\n","protected":false},"featured_media":21982,"template":"","meta":[],"product_brand":[],"product_cat":[137],"product_tag":[],"class_list":{"0":"post-21981","1":"product","2":"type-product","3":"status-publish","4":"has-post-thumbnail","6":"product_cat-remotes","8":"first","9":"instock","10":"taxable","11":"shipping-taxable","12":"purchasable","13":"product-type-simple"},"_links":{"self":[{"href":"https:\/\/estkey.ee\/et\/wp-json\/wp\/v2\/product\/21981","targetHints":{"allow":["GET"]}}],"collection":[{"href":"https:\/\/estkey.ee\/et\/wp-json\/wp\/v2\/product"}],"about":[{"href":"https:\/\/estkey.ee\/et\/wp-json\/wp\/v2\/types\/product"}],"wp:featuredmedia":[{"embeddable":true,"href":"https:\/\/estkey.ee\/et\/wp-json\/wp\/v2\/media\/21982"}],"wp:attachment":[{"href":"https:\/\/estkey.ee\/et\/wp-json\/wp\/v2\/media?parent=21981"}],"wp:term":[{"taxonomy":"product_brand","embeddable":true,"href":"https:\/\/estkey.ee\/et\/wp-json\/wp\/v2\/product_brand?post=21981"},{"taxonomy":"product_cat","embeddable":true,"href":"https:\/\/estkey.ee\/et\/wp-json\/wp\/v2\/product_cat?post=21981"},{"taxonomy":"product_tag","embeddable":true,"href":"https:\/\/estkey.ee\/et\/wp-json\/wp\/v2\/product_tag?post=21981"}],"curies":[{"name":"wp","href":"https:\/\/api.w.org\/{rel}","templated":true}]}}