{"id":21626,"date":"2021-11-26T10:21:37","date_gmt":"2021-11-26T08:21:37","guid":{"rendered":"https:\/\/estkey.ee\/?post_type=product&#038;p=21626"},"modified":"2026-04-27T17:23:24","modified_gmt":"2026-04-27T15:23:24","slug":"assa-701-lukusudamik-analoog-2","status":"publish","type":"product","link":"https:\/\/estkey.ee\/et\/product\/assa-701-lukusudamik-analoog-2\/","title":{"rendered":"ROCA 701 lukus\u00fcdamik"},"content":{"rendered":"","protected":false},"excerpt":{"rendered":"<p>Selle seeria silindritega saab valmistada Macter Key s\u00fcsteeme. Silindritel on 7 salajast tihvti. Kaks k\u00f5rgtugevast terasest valmistatud terasvarda kaitsevad silindrit puurimisel tekkivate vigastuste eest. 3 v\u00f5tmega komplektis<\/p>\n","protected":false},"featured_media":21627,"template":"","meta":[],"product_brand":[],"product_cat":[80,123],"product_tag":[],"class_list":{"0":"post-21626","1":"product","2":"type-product","3":"status-publish","4":"has-post-thumbnail","6":"product_cat-lukud","7":"product_cat-sudamikud","9":"first","10":"instock","11":"taxable","12":"shipping-taxable","13":"purchasable","14":"product-type-simple"},"_links":{"self":[{"href":"https:\/\/estkey.ee\/et\/wp-json\/wp\/v2\/product\/21626","targetHints":{"allow":["GET"]}}],"collection":[{"href":"https:\/\/estkey.ee\/et\/wp-json\/wp\/v2\/product"}],"about":[{"href":"https:\/\/estkey.ee\/et\/wp-json\/wp\/v2\/types\/product"}],"wp:featuredmedia":[{"embeddable":true,"href":"https:\/\/estkey.ee\/et\/wp-json\/wp\/v2\/media\/21627"}],"wp:attachment":[{"href":"https:\/\/estkey.ee\/et\/wp-json\/wp\/v2\/media?parent=21626"}],"wp:term":[{"taxonomy":"product_brand","embeddable":true,"href":"https:\/\/estkey.ee\/et\/wp-json\/wp\/v2\/product_brand?post=21626"},{"taxonomy":"product_cat","embeddable":true,"href":"https:\/\/estkey.ee\/et\/wp-json\/wp\/v2\/product_cat?post=21626"},{"taxonomy":"product_tag","embeddable":true,"href":"https:\/\/estkey.ee\/et\/wp-json\/wp\/v2\/product_tag?post=21626"}],"curies":[{"name":"wp","href":"https:\/\/api.w.org\/{rel}","templated":true}]}}