{"id":21619,"date":"2021-11-26T09:08:18","date_gmt":"2021-11-26T07:08:18","guid":{"rendered":"https:\/\/estkey.ee\/?post_type=product&#038;p=21619"},"modified":"2026-04-27T17:34:20","modified_gmt":"2026-04-27T15:34:20","slug":"kurzemes-zv45-lukk","status":"publish","type":"product","link":"https:\/\/estkey.ee\/et\/product\/kurzemes-zv45-lukk\/","title":{"rendered":"KURZEMES ZV45 (VANA VASAR) lukk"},"content":{"rendered":"","protected":false},"excerpt":{"rendered":"<p>Lukukomplekt ZV45 s\u00fcdamikuta, kitsam, L\u00e4ti, tsentri kaugus luku- ja s\u00fcdamiku avadest &#8211; 72mm, &#8220;Vanal Vasaral&#8221; 65mm.<br \/>\nSobiv komplekt &#8220;Vana Vasara&#8221; luku vahetuseks!<\/p>\n","protected":false},"featured_media":21620,"template":"","meta":[],"product_brand":[],"product_cat":[80,93],"product_tag":[],"class_list":{"0":"post-21619","1":"product","2":"type-product","3":"status-publish","4":"has-post-thumbnail","6":"product_cat-lukud","7":"product_cat-ukselukud","9":"first","10":"instock","11":"taxable","12":"shipping-taxable","13":"purchasable","14":"product-type-simple"},"_links":{"self":[{"href":"https:\/\/estkey.ee\/et\/wp-json\/wp\/v2\/product\/21619","targetHints":{"allow":["GET"]}}],"collection":[{"href":"https:\/\/estkey.ee\/et\/wp-json\/wp\/v2\/product"}],"about":[{"href":"https:\/\/estkey.ee\/et\/wp-json\/wp\/v2\/types\/product"}],"wp:featuredmedia":[{"embeddable":true,"href":"https:\/\/estkey.ee\/et\/wp-json\/wp\/v2\/media\/21620"}],"wp:attachment":[{"href":"https:\/\/estkey.ee\/et\/wp-json\/wp\/v2\/media?parent=21619"}],"wp:term":[{"taxonomy":"product_brand","embeddable":true,"href":"https:\/\/estkey.ee\/et\/wp-json\/wp\/v2\/product_brand?post=21619"},{"taxonomy":"product_cat","embeddable":true,"href":"https:\/\/estkey.ee\/et\/wp-json\/wp\/v2\/product_cat?post=21619"},{"taxonomy":"product_tag","embeddable":true,"href":"https:\/\/estkey.ee\/et\/wp-json\/wp\/v2\/product_tag?post=21619"}],"curies":[{"name":"wp","href":"https:\/\/api.w.org\/{rel}","templated":true}]}}