{"id":21589,"date":"2021-11-16T10:29:18","date_gmt":"2021-11-16T08:29:18","guid":{"rendered":"https:\/\/estkey.ee\/?post_type=product&#038;p=21589"},"modified":"2025-06-22T14:29:29","modified_gmt":"2025-06-22T12:29:29","slug":"gerda-tytan-zx-pindlukk","status":"publish","type":"product","link":"https:\/\/estkey.ee\/et\/product\/gerda-tytan-zx-pindlukk\/","title":{"rendered":"GERDA TYTAN ZX pindlukk"},"content":{"rendered":"","protected":false},"excerpt":{"rendered":"<p>Gerda Tytan ZX lukk on toodetud Poola tehases &#8220;GERDA&#8221; ja sellel on Euroopa kvaliteedisertifikaat IS0 9001: 2008. T\u00e4nu unikaalsele patenteeritud kuue kontaktiga RIM WK M3 mehhanismile on Gerda Tytan ZX v\u00f5ltsimiskindel ja paistab konkurentidest silma 4 000 000 000 v\u00f5imaliku klahvikombinatsiooniga.<\/p>\n<p>R\u00fcndajatele see lukk ei meeldi, kuna tavaline h\u00e4kkimine ja puurimine ei t\u00f6\u00f6ta. Sissemurdja testimisel \u00f5nnestus lukk p\u00e4rast kruustangisse kinnitamist l\u00f5hkuda, mis reaalses olukorras on v\u00f5imatu.<\/p>\n<p>Gerda Titan lukk pole m\u00f5eldud mitte ainult eluruumidele, vaid paigaldatakse ka garaa\u017eidesse, kauplustesse, seifidesse, kohtadesse, kus on vaja k\u00f5rgendatud kaitsetaset.<\/p>\n<p>Gerda Tytan ZX-l on veel \u00fcks tehniline funktsioon. V\u00f5tmega \u00fche p\u00f6\u00f6rdega suletuna saab lukku p\u00f6\u00f6ratava k\u00e4epideme abil seestpoolt avada. Kahe p\u00f6\u00f6rde v\u00f5tmega sulgemisel on kiigek\u00e4epide lukus ja lukku seestpoolt avada ei saa. J\u00f5uga avamise katsed l\u00f5huvad k\u00e4epideme, kuid lukk j\u00e4\u00e4b suletuks.<\/p>\n<p>Seestpoolt saab Gerda lukku sulgeda vaid \u00fche p\u00f6\u00f6rde v\u00f5rra.<\/p>\n<p>Gerda Titan lukku toodetakse kahes modifikatsioonis: l\u00fchikese ja pika (GT8) v\u00f5tmega.<\/p>\n<p>Peamised erinevused nende kahe lukumudeli vahel, ainult v\u00f5tme pikkuses, see t\u00e4hendab, et lukkude &#8220;l\u00fchikese&#8221; ja &#8220;pika&#8221; versiooni tehniline kujundus on t\u00e4iesti identne.<\/p>\n<p>Gerda Tytan ZX lukk (l\u00fchiv\u00f5ti) on m\u00f5eldud paigaldamiseks kuni 50 mm paksustesse ustesse ning Gerda Tytan ZX GT 8 lukk (pikk v\u00f5ti) v\u00f5imaldab lukku kasutada kuni 75 mm paksustes ustes.<\/p>\n","protected":false},"featured_media":21590,"template":"","meta":[],"product_brand":[],"product_cat":[80,111],"product_tag":[],"class_list":{"0":"post-21589","1":"product","2":"type-product","3":"status-publish","4":"has-post-thumbnail","6":"product_cat-lukud","7":"product_cat-pindlukud","9":"first","10":"instock","11":"taxable","12":"shipping-taxable","13":"product-type-simple"},"_links":{"self":[{"href":"https:\/\/estkey.ee\/et\/wp-json\/wp\/v2\/product\/21589","targetHints":{"allow":["GET"]}}],"collection":[{"href":"https:\/\/estkey.ee\/et\/wp-json\/wp\/v2\/product"}],"about":[{"href":"https:\/\/estkey.ee\/et\/wp-json\/wp\/v2\/types\/product"}],"wp:featuredmedia":[{"embeddable":true,"href":"https:\/\/estkey.ee\/et\/wp-json\/wp\/v2\/media\/21590"}],"wp:attachment":[{"href":"https:\/\/estkey.ee\/et\/wp-json\/wp\/v2\/media?parent=21589"}],"wp:term":[{"taxonomy":"product_brand","embeddable":true,"href":"https:\/\/estkey.ee\/et\/wp-json\/wp\/v2\/product_brand?post=21589"},{"taxonomy":"product_cat","embeddable":true,"href":"https:\/\/estkey.ee\/et\/wp-json\/wp\/v2\/product_cat?post=21589"},{"taxonomy":"product_tag","embeddable":true,"href":"https:\/\/estkey.ee\/et\/wp-json\/wp\/v2\/product_tag?post=21589"}],"curies":[{"name":"wp","href":"https:\/\/api.w.org\/{rel}","templated":true}]}}