{"id":21567,"date":"2021-11-13T11:28:07","date_gmt":"2021-11-13T09:28:07","guid":{"rendered":"https:\/\/estkey.ee\/?post_type=product&#038;p=21567"},"modified":"2026-04-23T08:02:28","modified_gmt":"2026-04-23T06:02:28","slug":"apecs-pd-10-75-tabalukk","status":"publish","type":"product","link":"https:\/\/estkey.ee\/et\/product\/apecs-pd-10-75-tabalukk\/","title":{"rendered":"APECS PD-10-75 tabalukk"},"content":{"rendered":"","protected":false},"excerpt":{"rendered":"<p>LUKU KIRJELDUS<br \/>\nOtse lukustusvardaga tabalukud. Lukkude disain ei v\u00f5imalda lukku avada k\u00f6idiku v\u00e4ljat\u00f5mbamisega. S\u00e4el on valmistatud karastatud terasest, et tagada suurem vastupidavus saagimisele. Lukustustihvt ei kuku lahtises lukus v\u00e4lja. Lukk PD-10 rakendab automaatse lukustamise ja v\u00f5tme silindrisse fikseerimise funktsioone: luku avamisel on v\u00f5imalik v\u00f5tit eemaldada vaid luku sulgemisega.<\/p>\n","protected":false},"featured_media":21568,"template":"","meta":[],"product_brand":[],"product_cat":[80,86],"product_tag":[],"class_list":{"0":"post-21567","1":"product","2":"type-product","3":"status-publish","4":"has-post-thumbnail","6":"product_cat-lukud","7":"product_cat-tabalukud","9":"first","10":"instock","11":"taxable","12":"shipping-taxable","13":"purchasable","14":"product-type-simple"},"_links":{"self":[{"href":"https:\/\/estkey.ee\/et\/wp-json\/wp\/v2\/product\/21567","targetHints":{"allow":["GET"]}}],"collection":[{"href":"https:\/\/estkey.ee\/et\/wp-json\/wp\/v2\/product"}],"about":[{"href":"https:\/\/estkey.ee\/et\/wp-json\/wp\/v2\/types\/product"}],"wp:featuredmedia":[{"embeddable":true,"href":"https:\/\/estkey.ee\/et\/wp-json\/wp\/v2\/media\/21568"}],"wp:attachment":[{"href":"https:\/\/estkey.ee\/et\/wp-json\/wp\/v2\/media?parent=21567"}],"wp:term":[{"taxonomy":"product_brand","embeddable":true,"href":"https:\/\/estkey.ee\/et\/wp-json\/wp\/v2\/product_brand?post=21567"},{"taxonomy":"product_cat","embeddable":true,"href":"https:\/\/estkey.ee\/et\/wp-json\/wp\/v2\/product_cat?post=21567"},{"taxonomy":"product_tag","embeddable":true,"href":"https:\/\/estkey.ee\/et\/wp-json\/wp\/v2\/product_tag?post=21567"}],"curies":[{"name":"wp","href":"https:\/\/api.w.org\/{rel}","templated":true}]}}