{"id":21560,"date":"2021-11-11T16:11:32","date_gmt":"2021-11-11T14:11:32","guid":{"rendered":"https:\/\/estkey.ee\/?post_type=product&#038;p=21560"},"modified":"2023-05-01T14:34:43","modified_gmt":"2023-05-01T12:34:43","slug":"abus-e45-mm-35-35-lukusudamik","status":"publish","type":"product","link":"https:\/\/estkey.ee\/et\/product\/abus-e45-mm-35-35-lukusudamik\/","title":{"rendered":"ABUS E45 MM (35\/35) lukus\u00fcdamik"},"content":{"rendered":"","protected":false},"excerpt":{"rendered":"<p>Rakendus:<br \/>\n&#8211; majade ja korterite v\u00e4lisuksed.<\/p>\n<p>Kasutamine:<br \/>\n&#8211; avaneb m\u00f5lemalt poolt v\u00f5tmega (KE45 &#8211; seestpoolt k\u00e4epidemega)<\/p>\n<p>Tehnoloogia:<br \/>\n&#8211; paratsentrilise profiiliga v\u00f5ti, mis muudab selle manipuleerimise keeruliseks,<br \/>\n&#8211; n\u00f6\u00f6pn\u00f5elad seente kujul,<br \/>\n&#8211; viis aktiivset siibrit (suuruses 25\/25 neli siibrit),<br \/>\n&#8211; kaasas kolm v\u00f5tit<\/p>\n","protected":false},"featured_media":21552,"template":"","meta":[],"product_brand":[],"product_cat":[80,123],"product_tag":[],"class_list":{"0":"post-21560","1":"product","2":"type-product","3":"status-publish","4":"has-post-thumbnail","6":"product_cat-lukud","7":"product_cat-sudamikud","9":"first","10":"instock","11":"taxable","12":"shipping-taxable","13":"product-type-simple"},"_links":{"self":[{"href":"https:\/\/estkey.ee\/et\/wp-json\/wp\/v2\/product\/21560","targetHints":{"allow":["GET"]}}],"collection":[{"href":"https:\/\/estkey.ee\/et\/wp-json\/wp\/v2\/product"}],"about":[{"href":"https:\/\/estkey.ee\/et\/wp-json\/wp\/v2\/types\/product"}],"wp:featuredmedia":[{"embeddable":true,"href":"https:\/\/estkey.ee\/et\/wp-json\/wp\/v2\/media\/21552"}],"wp:attachment":[{"href":"https:\/\/estkey.ee\/et\/wp-json\/wp\/v2\/media?parent=21560"}],"wp:term":[{"taxonomy":"product_brand","embeddable":true,"href":"https:\/\/estkey.ee\/et\/wp-json\/wp\/v2\/product_brand?post=21560"},{"taxonomy":"product_cat","embeddable":true,"href":"https:\/\/estkey.ee\/et\/wp-json\/wp\/v2\/product_cat?post=21560"},{"taxonomy":"product_tag","embeddable":true,"href":"https:\/\/estkey.ee\/et\/wp-json\/wp\/v2\/product_tag?post=21560"}],"curies":[{"name":"wp","href":"https:\/\/api.w.org\/{rel}","templated":true}]}}