{"id":21549,"date":"2021-11-11T15:22:03","date_gmt":"2021-11-11T13:22:03","guid":{"rendered":"https:\/\/estkey.ee\/?post_type=product&#038;p=21549"},"modified":"2023-05-01T14:36:17","modified_gmt":"2023-05-01T12:36:17","slug":"abus-ke45-mm-30-30l-lukusudamik","status":"publish","type":"product","link":"https:\/\/estkey.ee\/et\/product\/abus-ke45-mm-30-30l-lukusudamik\/","title":{"rendered":"ABUS KE45 MM (30\/30L) lukus\u00fcdamik"},"content":{"rendered":"","protected":false},"excerpt":{"rendered":"<div class=\"product-nav\">\n<div class=\"next-prev\">\n<div class=\"prev\"><span style=\"font-size: 1rem;\">Rakendus:<\/span><\/div>\n<\/div>\n<\/div>\n<div class=\"short-description\">\n<p>\u2013 majade ja korterite v\u00e4lisuksed.<\/p>\n<p>Kasutamine:<br \/>\n\u2013 avaneb m\u00f5lemalt poolt v\u00f5tmega (KE45 \u2013 seestpoolt k\u00e4epidemega)<\/p>\n<p>Tehnoloogia:<br \/>\n\u2013 paratsentrilise profiiliga v\u00f5ti, mis muudab selle manipuleerimise keeruliseks,<br \/>\n\u2013 n\u00f6\u00f6pn\u00f5elad seente kujul,<br \/>\n\u2013 viis aktiivset siibrit (suuruses 25\/25 neli siibrit),<br \/>\n\u2013 kaasas kolm v\u00f5tit<\/p>\n<\/div>\n","protected":false},"featured_media":21547,"template":"","meta":[],"product_brand":[],"product_cat":[80,123],"product_tag":[],"class_list":{"0":"post-21549","1":"product","2":"type-product","3":"status-publish","4":"has-post-thumbnail","6":"product_cat-lukud","7":"product_cat-sudamikud","9":"first","10":"instock","11":"taxable","12":"shipping-taxable","13":"product-type-simple"},"_links":{"self":[{"href":"https:\/\/estkey.ee\/et\/wp-json\/wp\/v2\/product\/21549","targetHints":{"allow":["GET"]}}],"collection":[{"href":"https:\/\/estkey.ee\/et\/wp-json\/wp\/v2\/product"}],"about":[{"href":"https:\/\/estkey.ee\/et\/wp-json\/wp\/v2\/types\/product"}],"wp:featuredmedia":[{"embeddable":true,"href":"https:\/\/estkey.ee\/et\/wp-json\/wp\/v2\/media\/21547"}],"wp:attachment":[{"href":"https:\/\/estkey.ee\/et\/wp-json\/wp\/v2\/media?parent=21549"}],"wp:term":[{"taxonomy":"product_brand","embeddable":true,"href":"https:\/\/estkey.ee\/et\/wp-json\/wp\/v2\/product_brand?post=21549"},{"taxonomy":"product_cat","embeddable":true,"href":"https:\/\/estkey.ee\/et\/wp-json\/wp\/v2\/product_cat?post=21549"},{"taxonomy":"product_tag","embeddable":true,"href":"https:\/\/estkey.ee\/et\/wp-json\/wp\/v2\/product_tag?post=21549"}],"curies":[{"name":"wp","href":"https:\/\/api.w.org\/{rel}","templated":true}]}}