{"id":21528,"date":"2021-11-08T11:42:18","date_gmt":"2021-11-08T09:42:18","guid":{"rendered":"https:\/\/estkey.ee\/?post_type=product&#038;p=21528"},"modified":"2023-05-01T14:36:59","modified_gmt":"2023-05-01T12:36:59","slug":"assa-565-lukukomplekt","status":"publish","type":"product","link":"https:\/\/estkey.ee\/et\/product\/assa-565-lukukomplekt\/","title":{"rendered":"ASSA 565 SYM lukukomplekt"},"content":{"rendered":"","protected":false},"excerpt":{"rendered":"<p>ASSA 565 SYM on lihtne h\u00e4davajalik lukk.<\/p>\n<p>Komplekti kuulub: ASSA 565 lukukorpus (originaal), katted, k\u00e4epidemed, s\u00fcdamik (analoog).<\/p>\n<p>Kasutusala: kauplused, korterid, b\u00fcroo lukustatavad vaheuksed, korrusmajade trepikodade uksed.<br \/>\nT\u00f6\u00f6kindluse tagamiseks soovitame v\u00e4lisustele paigaldada lisalukud.<\/p>\n<p>&#8211; Vastab 2. klassi lukkude n\u00f5uetele vastavalt SS3522 standardile<br \/>\n&#8211; Tugevdatud metallist poldi ja riiviga<br \/>\n&#8211; Tagak\u00fclg 50 mm<br \/>\n&#8211; Lukustamine v\u00f5tme v\u00f5i p\u00f6idlaga<br \/>\n&#8211; Kui lukust avatakse, keerates v\u00f5tit v\u00f5i p\u00f6idlaga 90 kraadi, liiguvad nii polt kui ka riiv sissepoole<br \/>\n&#8211; Ukse k\u00e4epideme vajutamisel vabastatakse ainult riiv<\/p>\n","protected":false},"featured_media":21529,"template":"","meta":[],"product_brand":[],"product_cat":[80,93],"product_tag":[],"class_list":{"0":"post-21528","1":"product","2":"type-product","3":"status-publish","4":"has-post-thumbnail","6":"product_cat-lukud","7":"product_cat-ukselukud","9":"first","10":"instock","11":"taxable","12":"shipping-taxable","13":"product-type-simple"},"_links":{"self":[{"href":"https:\/\/estkey.ee\/et\/wp-json\/wp\/v2\/product\/21528","targetHints":{"allow":["GET"]}}],"collection":[{"href":"https:\/\/estkey.ee\/et\/wp-json\/wp\/v2\/product"}],"about":[{"href":"https:\/\/estkey.ee\/et\/wp-json\/wp\/v2\/types\/product"}],"wp:featuredmedia":[{"embeddable":true,"href":"https:\/\/estkey.ee\/et\/wp-json\/wp\/v2\/media\/21529"}],"wp:attachment":[{"href":"https:\/\/estkey.ee\/et\/wp-json\/wp\/v2\/media?parent=21528"}],"wp:term":[{"taxonomy":"product_brand","embeddable":true,"href":"https:\/\/estkey.ee\/et\/wp-json\/wp\/v2\/product_brand?post=21528"},{"taxonomy":"product_cat","embeddable":true,"href":"https:\/\/estkey.ee\/et\/wp-json\/wp\/v2\/product_cat?post=21528"},{"taxonomy":"product_tag","embeddable":true,"href":"https:\/\/estkey.ee\/et\/wp-json\/wp\/v2\/product_tag?post=21528"}],"curies":[{"name":"wp","href":"https:\/\/api.w.org\/{rel}","templated":true}]}}