{"id":21510,"date":"2021-11-08T09:14:15","date_gmt":"2021-11-08T07:14:15","guid":{"rendered":"https:\/\/estkey.ee\/?post_type=product&#038;p=21510"},"modified":"2023-05-01T14:37:17","modified_gmt":"2023-05-01T12:37:17","slug":"elbor-1-06-02-lukk","status":"publish","type":"product","link":"https:\/\/estkey.ee\/et\/product\/elbor-1-06-02-lukk\/","title":{"rendered":"ELBOR 1.06.02 lukk"},"content":{"rendered":"","protected":false},"excerpt":{"rendered":"<p>Kirjeldus:<br \/>\nTugevdatud ukselukk. Viis terasest silindrilist varda l\u00e4bim\u00f5\u00f5duga 18 mm, \u00fcleulatusega 40 mm, 4-suunaline mehhanism. Kaitse kriminaalse h\u00e4kkimise, rullimise, puurimise, saagimise, pigistamise eest. Mudel 1.06.02, on k\u00fcljevarrastega, mis tagab 3-punkti lukustuse \u00fchest v\u00f5tmest. K\u00fclgvardad l\u00e4bivad 20 mm.<\/p>\n","protected":false},"featured_media":21511,"template":"","meta":[],"product_brand":[],"product_cat":[121,80,93],"product_tag":[],"class_list":{"0":"post-21510","1":"product","2":"type-product","3":"status-publish","4":"has-post-thumbnail","6":"product_cat-lisalukud","7":"product_cat-lukud","8":"product_cat-ukselukud","10":"first","11":"instock","12":"taxable","13":"shipping-taxable","14":"product-type-simple"},"_links":{"self":[{"href":"https:\/\/estkey.ee\/et\/wp-json\/wp\/v2\/product\/21510","targetHints":{"allow":["GET"]}}],"collection":[{"href":"https:\/\/estkey.ee\/et\/wp-json\/wp\/v2\/product"}],"about":[{"href":"https:\/\/estkey.ee\/et\/wp-json\/wp\/v2\/types\/product"}],"wp:featuredmedia":[{"embeddable":true,"href":"https:\/\/estkey.ee\/et\/wp-json\/wp\/v2\/media\/21511"}],"wp:attachment":[{"href":"https:\/\/estkey.ee\/et\/wp-json\/wp\/v2\/media?parent=21510"}],"wp:term":[{"taxonomy":"product_brand","embeddable":true,"href":"https:\/\/estkey.ee\/et\/wp-json\/wp\/v2\/product_brand?post=21510"},{"taxonomy":"product_cat","embeddable":true,"href":"https:\/\/estkey.ee\/et\/wp-json\/wp\/v2\/product_cat?post=21510"},{"taxonomy":"product_tag","embeddable":true,"href":"https:\/\/estkey.ee\/et\/wp-json\/wp\/v2\/product_tag?post=21510"}],"curies":[{"name":"wp","href":"https:\/\/api.w.org\/{rel}","templated":true}]}}