{"id":21506,"date":"2021-11-08T09:05:19","date_gmt":"2021-11-08T07:05:19","guid":{"rendered":"https:\/\/estkey.ee\/?post_type=product&#038;p=21506"},"modified":"2026-04-22T09:45:34","modified_gmt":"2026-04-22T07:45:34","slug":"elbor-1-06-42-43-lukukorpus","status":"publish","type":"product","link":"https:\/\/estkey.ee\/et\/product\/elbor-1-06-42-43-lukukorpus\/","title":{"rendered":"ELBOR 1.06.42\/43 lukukorpus"},"content":{"rendered":"","protected":false},"excerpt":{"rendered":"<p>Kirjeldus:<br \/>\nTugevdatud ukselukk. Kolm terasest silindrilist varda l\u00e4bim\u00f5\u00f5duga 18 mm, \u00fcleulatusega 40 mm, 4-suunaline mehhanism, riiv l\u00e4bim\u00f5\u00f5duga 18,6 mm. Sulgurina kasutatakse t\u00e4iendavat \u00fchesuunalist polti &#8211; terasvarda l\u00e4bim\u00f5\u00f5duga 18 mm, v\u00e4ljap\u00e4\u00e4su 21 mm, mida juhitakse ukse sisek\u00fcljel asuva kruvikeeraja k\u00e4epidemega. Kaitse kriminaalse h\u00e4kkimise, rullimise, puurimise, saagimise, pigistamise eest. Kaks vertikaalset varda liiguvad \u00fcheaegselt poldiga, tagavad 3-poolse lukustuse \u00fchest v\u00f5tmest. Komplektis on 5 v\u00f5tit.<br \/>\nSee lukk paigaldatakse metallustele (survepaigalduse t\u00fc\u00fcp) Seda lukku \u00fcritades seisab r\u00fcndaja silmitsi j\u00e4rgmiste kaitses\u00fcsteemidega &#8211; paigaldatud on U-kujuline fiksaator ning lisaks on kaitsehambad, mis takistavad korterisse tungimist kasutades p\u00f5hiv\u00f5tmed &#8211; &#8220;5. hammas&#8221; &#8211; kaitse sissemurdmise eest &#8220;v\u00e4ntamise&#8221; meetodil; &#8211; &#8220;Oblique bevel&#8221; &#8211; kaitse j\u00f5uga h\u00e4kkimise eest &#8220;knockout&#8221; meetodil; &#8211; &#8220;P\u00f6\u00f6rlev kuumt\u00f6\u00f6deldud siset\u00fckk varras&#8221; &#8211; kaitse poldi saagimise eest; &#8211; &#8220;Kuumt\u00f6\u00f6deldud turvapall&#8221; &#8211; kaitse lukuhoidiku puurimise eest.<\/p>\n","protected":false},"featured_media":21507,"template":"","meta":[],"product_brand":[],"product_cat":[119,80],"product_tag":[],"class_list":{"0":"post-21506","1":"product","2":"type-product","3":"status-publish","4":"has-post-thumbnail","6":"product_cat-korpused","7":"product_cat-lukud","9":"first","10":"instock","11":"taxable","12":"shipping-taxable","13":"purchasable","14":"product-type-simple"},"_links":{"self":[{"href":"https:\/\/estkey.ee\/et\/wp-json\/wp\/v2\/product\/21506","targetHints":{"allow":["GET"]}}],"collection":[{"href":"https:\/\/estkey.ee\/et\/wp-json\/wp\/v2\/product"}],"about":[{"href":"https:\/\/estkey.ee\/et\/wp-json\/wp\/v2\/types\/product"}],"wp:featuredmedia":[{"embeddable":true,"href":"https:\/\/estkey.ee\/et\/wp-json\/wp\/v2\/media\/21507"}],"wp:attachment":[{"href":"https:\/\/estkey.ee\/et\/wp-json\/wp\/v2\/media?parent=21506"}],"wp:term":[{"taxonomy":"product_brand","embeddable":true,"href":"https:\/\/estkey.ee\/et\/wp-json\/wp\/v2\/product_brand?post=21506"},{"taxonomy":"product_cat","embeddable":true,"href":"https:\/\/estkey.ee\/et\/wp-json\/wp\/v2\/product_cat?post=21506"},{"taxonomy":"product_tag","embeddable":true,"href":"https:\/\/estkey.ee\/et\/wp-json\/wp\/v2\/product_tag?post=21506"}],"curies":[{"name":"wp","href":"https:\/\/api.w.org\/{rel}","templated":true}]}}