{"id":21498,"date":"2021-11-02T18:35:01","date_gmt":"2021-11-02T16:35:01","guid":{"rendered":"https:\/\/estkey.ee\/?post_type=product&#038;p=21498"},"modified":"2023-05-09T08:41:22","modified_gmt":"2023-05-09T06:41:22","slug":"k2-gerwazy-50ml-lukusula","status":"publish","type":"product","link":"https:\/\/estkey.ee\/et\/product\/k2-gerwazy-50ml-lukusula\/","title":{"rendered":"K2 GERWAZY 50ml. lukusula"},"content":{"rendered":"","protected":false},"excerpt":{"rendered":"<p>Sulatab t\u00f5husalt k\u00f5ik lukud isegi temperatuuril -60 \u00b0C.<\/p>\n<p>See tungib koheselt v\u00f5tmeauku ja tungib igasse lukumehhanismi pilusse. Nanoosakeste tehnoloogia loob katte, mis kaitseb ukseavajat uuesti k\u00fclmumise eest, samal ajal kui korrosiooniinhibiitor s\u00e4ilitab luku komponente.<\/p>\n<p>&nbsp;<\/p>\n<p>Juhised kasutamiseks:<br \/>\nAsetage aplikaator v\u00f5tmeauku.<br \/>\nKl\u00f5psake toote vabastamiseks k\u00fclmutatud lukku.<\/p>\n","protected":false},"featured_media":21499,"template":"","meta":[],"product_brand":[],"product_cat":[15],"product_tag":[],"class_list":{"0":"post-21498","1":"product","2":"type-product","3":"status-publish","4":"has-post-thumbnail","6":"product_cat-muud","8":"first","9":"instock","10":"taxable","11":"shipping-taxable","12":"product-type-simple"},"_links":{"self":[{"href":"https:\/\/estkey.ee\/et\/wp-json\/wp\/v2\/product\/21498","targetHints":{"allow":["GET"]}}],"collection":[{"href":"https:\/\/estkey.ee\/et\/wp-json\/wp\/v2\/product"}],"about":[{"href":"https:\/\/estkey.ee\/et\/wp-json\/wp\/v2\/types\/product"}],"wp:featuredmedia":[{"embeddable":true,"href":"https:\/\/estkey.ee\/et\/wp-json\/wp\/v2\/media\/21499"}],"wp:attachment":[{"href":"https:\/\/estkey.ee\/et\/wp-json\/wp\/v2\/media?parent=21498"}],"wp:term":[{"taxonomy":"product_brand","embeddable":true,"href":"https:\/\/estkey.ee\/et\/wp-json\/wp\/v2\/product_brand?post=21498"},{"taxonomy":"product_cat","embeddable":true,"href":"https:\/\/estkey.ee\/et\/wp-json\/wp\/v2\/product_cat?post=21498"},{"taxonomy":"product_tag","embeddable":true,"href":"https:\/\/estkey.ee\/et\/wp-json\/wp\/v2\/product_tag?post=21498"}],"curies":[{"name":"wp","href":"https:\/\/api.w.org\/{rel}","templated":true}]}}