{"id":21479,"date":"2021-11-02T10:40:27","date_gmt":"2021-11-02T08:40:27","guid":{"rendered":"https:\/\/estkey.ee\/?post_type=product&#038;p=21479"},"modified":"2023-05-09T08:42:54","modified_gmt":"2023-05-09T06:42:54","slug":"kronos-50-braz-pindlukk","status":"publish","type":"product","link":"https:\/\/estkey.ee\/et\/product\/kronos-50-braz-pindlukk\/","title":{"rendered":"KRONOS 50 BRAZ pindlukk"},"content":{"rendered":"","protected":false},"excerpt":{"rendered":"<p>KRONOS lukk silindrilise siset\u00fckiga, komplektis riivi ja siset\u00fckiga. Laki v\u00e4rvus on pruun. Kaugus pistikust k\u00e4epideme teljeni 50 mm.<\/p>\n","protected":false},"featured_media":21480,"template":"","meta":[],"product_brand":[],"product_cat":[80,111],"product_tag":[],"class_list":{"0":"post-21479","1":"product","2":"type-product","3":"status-publish","4":"has-post-thumbnail","6":"product_cat-lukud","7":"product_cat-pindlukud","9":"first","10":"instock","11":"taxable","12":"shipping-taxable","13":"product-type-simple"},"_links":{"self":[{"href":"https:\/\/estkey.ee\/et\/wp-json\/wp\/v2\/product\/21479","targetHints":{"allow":["GET"]}}],"collection":[{"href":"https:\/\/estkey.ee\/et\/wp-json\/wp\/v2\/product"}],"about":[{"href":"https:\/\/estkey.ee\/et\/wp-json\/wp\/v2\/types\/product"}],"wp:featuredmedia":[{"embeddable":true,"href":"https:\/\/estkey.ee\/et\/wp-json\/wp\/v2\/media\/21480"}],"wp:attachment":[{"href":"https:\/\/estkey.ee\/et\/wp-json\/wp\/v2\/media?parent=21479"}],"wp:term":[{"taxonomy":"product_brand","embeddable":true,"href":"https:\/\/estkey.ee\/et\/wp-json\/wp\/v2\/product_brand?post=21479"},{"taxonomy":"product_cat","embeddable":true,"href":"https:\/\/estkey.ee\/et\/wp-json\/wp\/v2\/product_cat?post=21479"},{"taxonomy":"product_tag","embeddable":true,"href":"https:\/\/estkey.ee\/et\/wp-json\/wp\/v2\/product_tag?post=21479"}],"curies":[{"name":"wp","href":"https:\/\/api.w.org\/{rel}","templated":true}]}}