{"id":21468,"date":"2021-11-02T10:05:31","date_gmt":"2021-11-02T08:05:31","guid":{"rendered":"https:\/\/estkey.ee\/?post_type=product&#038;p=21468"},"modified":"2023-05-09T08:43:49","modified_gmt":"2023-05-09T06:43:49","slug":"kronos-60-grafit-pindlukk","status":"publish","type":"product","link":"https:\/\/estkey.ee\/et\/product\/kronos-60-grafit-pindlukk\/","title":{"rendered":"KRONOS 60 GRAFIT pindlukk"},"content":{"rendered":"","protected":false},"excerpt":{"rendered":"<p>KRONOS lukk silindrilise siset\u00fckiga, komplektis riivi ja siset\u00fckiga. Laki v\u00e4rvus on hall. Kaugus pistikust k\u00e4epideme teljeni 60 mm.<\/p>\n","protected":false},"featured_media":21469,"template":"","meta":[],"product_brand":[],"product_cat":[80,111],"product_tag":[],"class_list":{"0":"post-21468","1":"product","2":"type-product","3":"status-publish","4":"has-post-thumbnail","6":"product_cat-lukud","7":"product_cat-pindlukud","9":"first","10":"instock","11":"taxable","12":"shipping-taxable","13":"product-type-simple"},"_links":{"self":[{"href":"https:\/\/estkey.ee\/et\/wp-json\/wp\/v2\/product\/21468","targetHints":{"allow":["GET"]}}],"collection":[{"href":"https:\/\/estkey.ee\/et\/wp-json\/wp\/v2\/product"}],"about":[{"href":"https:\/\/estkey.ee\/et\/wp-json\/wp\/v2\/types\/product"}],"wp:featuredmedia":[{"embeddable":true,"href":"https:\/\/estkey.ee\/et\/wp-json\/wp\/v2\/media\/21469"}],"wp:attachment":[{"href":"https:\/\/estkey.ee\/et\/wp-json\/wp\/v2\/media?parent=21468"}],"wp:term":[{"taxonomy":"product_brand","embeddable":true,"href":"https:\/\/estkey.ee\/et\/wp-json\/wp\/v2\/product_brand?post=21468"},{"taxonomy":"product_cat","embeddable":true,"href":"https:\/\/estkey.ee\/et\/wp-json\/wp\/v2\/product_cat?post=21468"},{"taxonomy":"product_tag","embeddable":true,"href":"https:\/\/estkey.ee\/et\/wp-json\/wp\/v2\/product_tag?post=21468"}],"curies":[{"name":"wp","href":"https:\/\/api.w.org\/{rel}","templated":true}]}}