{"id":21462,"date":"2021-11-02T09:34:01","date_gmt":"2021-11-02T07:34:01","guid":{"rendered":"https:\/\/estkey.ee\/?post_type=product&#038;p=21462"},"modified":"2023-05-09T08:44:21","modified_gmt":"2023-05-09T06:44:21","slug":"gerda-zg-100-satyna-pindlukk","status":"publish","type":"product","link":"https:\/\/estkey.ee\/et\/product\/gerda-zg-100-satyna-pindlukk\/","title":{"rendered":"GERDA ZG100 pindlukk"},"content":{"rendered":"","protected":false},"excerpt":{"rendered":"<p>GERDA ZG100 lukk silindrilise vahet\u00fckiga k\u00e4epideme sisek\u00fcljel. Kaugus luku otsast k\u00e4epideme teljeni on 50\/60. Kaasas standardne sisestus<\/p>\n","protected":false},"featured_media":21463,"template":"","meta":[],"product_brand":[],"product_cat":[80,111],"product_tag":[],"class_list":{"0":"post-21462","1":"product","2":"type-product","3":"status-publish","4":"has-post-thumbnail","6":"product_cat-lukud","7":"product_cat-pindlukud","9":"first","10":"instock","11":"taxable","12":"shipping-taxable","13":"product-type-simple"},"_links":{"self":[{"href":"https:\/\/estkey.ee\/et\/wp-json\/wp\/v2\/product\/21462","targetHints":{"allow":["GET"]}}],"collection":[{"href":"https:\/\/estkey.ee\/et\/wp-json\/wp\/v2\/product"}],"about":[{"href":"https:\/\/estkey.ee\/et\/wp-json\/wp\/v2\/types\/product"}],"wp:featuredmedia":[{"embeddable":true,"href":"https:\/\/estkey.ee\/et\/wp-json\/wp\/v2\/media\/21463"}],"wp:attachment":[{"href":"https:\/\/estkey.ee\/et\/wp-json\/wp\/v2\/media?parent=21462"}],"wp:term":[{"taxonomy":"product_brand","embeddable":true,"href":"https:\/\/estkey.ee\/et\/wp-json\/wp\/v2\/product_brand?post=21462"},{"taxonomy":"product_cat","embeddable":true,"href":"https:\/\/estkey.ee\/et\/wp-json\/wp\/v2\/product_cat?post=21462"},{"taxonomy":"product_tag","embeddable":true,"href":"https:\/\/estkey.ee\/et\/wp-json\/wp\/v2\/product_tag?post=21462"}],"curies":[{"name":"wp","href":"https:\/\/api.w.org\/{rel}","templated":true}]}}