{"id":21459,"date":"2021-11-02T09:24:33","date_gmt":"2021-11-02T07:24:33","guid":{"rendered":"https:\/\/estkey.ee\/?post_type=product&#038;p=21459"},"modified":"2023-05-09T08:44:40","modified_gmt":"2023-05-09T06:44:40","slug":"gerda-zg-200-grafit-pindlukk","status":"publish","type":"product","link":"https:\/\/estkey.ee\/et\/product\/gerda-zg-200-grafit-pindlukk\/","title":{"rendered":"GERDA ZG200 pindlukk"},"content":{"rendered":"","protected":false},"excerpt":{"rendered":"<p>GERDA ZG200 lukk silindrilise vahet\u00fckiga k\u00e4epideme sisek\u00fcljel. Kaugus luku otsast k\u00e4epideme teljeni 50\/60 Sisaldab suurendatud sissemurdmisvastase kaitsega siset\u00fckki<\/p>\n","protected":false},"featured_media":21460,"template":"","meta":[],"product_brand":[],"product_cat":[80,111],"product_tag":[],"class_list":{"0":"post-21459","1":"product","2":"type-product","3":"status-publish","4":"has-post-thumbnail","6":"product_cat-lukud","7":"product_cat-pindlukud","9":"first","10":"instock","11":"taxable","12":"shipping-taxable","13":"product-type-simple"},"_links":{"self":[{"href":"https:\/\/estkey.ee\/et\/wp-json\/wp\/v2\/product\/21459","targetHints":{"allow":["GET"]}}],"collection":[{"href":"https:\/\/estkey.ee\/et\/wp-json\/wp\/v2\/product"}],"about":[{"href":"https:\/\/estkey.ee\/et\/wp-json\/wp\/v2\/types\/product"}],"wp:featuredmedia":[{"embeddable":true,"href":"https:\/\/estkey.ee\/et\/wp-json\/wp\/v2\/media\/21460"}],"wp:attachment":[{"href":"https:\/\/estkey.ee\/et\/wp-json\/wp\/v2\/media?parent=21459"}],"wp:term":[{"taxonomy":"product_brand","embeddable":true,"href":"https:\/\/estkey.ee\/et\/wp-json\/wp\/v2\/product_brand?post=21459"},{"taxonomy":"product_cat","embeddable":true,"href":"https:\/\/estkey.ee\/et\/wp-json\/wp\/v2\/product_cat?post=21459"},{"taxonomy":"product_tag","embeddable":true,"href":"https:\/\/estkey.ee\/et\/wp-json\/wp\/v2\/product_tag?post=21459"}],"curies":[{"name":"wp","href":"https:\/\/api.w.org\/{rel}","templated":true}]}}