{"id":21442,"date":"2021-11-01T15:25:11","date_gmt":"2021-11-01T13:25:11","guid":{"rendered":"https:\/\/estkey.ee\/?post_type=product&#038;p=21442"},"modified":"2023-05-09T08:45:17","modified_gmt":"2023-05-09T06:45:17","slug":"gerda-brass-line-kms-s30-koodiga-tabalukk","status":"publish","type":"product","link":"https:\/\/estkey.ee\/et\/product\/gerda-brass-line-kms-s30-koodiga-tabalukk\/","title":{"rendered":"GERDA BRASS LINE KMS S30 koodiga tabalukk"},"content":{"rendered":"","protected":false},"excerpt":{"rendered":"<p>GERDA<\/p>\n<p>SPETSIFIKATSIOONID:<br \/>\nKombineeritud lukk messingist<br \/>\ntugevast messingist korpus<br \/>\nkarastatud terasest peav\u00f5ru<br \/>\nkombineeritud lukk on saadaval 3 v\u00f5i 4 kodeeritud trumliga<br \/>\nv\u00f5imalus m\u00e4\u00e4rata individuaalne kr\u00fcpteerimiskood<\/p>\n<p>K\u00e4siraamat<br \/>\n&#8211; Lukukoodi tehaseseade &#8211; 0-0-0 (0-0-0-0)<\/p>\n<p>Kuidas avada:<br \/>\n&#8211; keerake koodivalijad avakoodi asendisse<br \/>\n&#8211; t\u00f5stke latt \u00fcles &#8211;<\/p>\n<p>Koodi muutus:<br \/>\n&#8211; keerake koodikettad koodi avamisasendisse<br \/>\n&#8211; avage lukk, keerake kronsteini 180\u00b0 ja l\u00fckake see l\u00f5puni alla<br \/>\n&#8211; installige uus kood (saab installida mitu korda)<br \/>\n&#8211; klambri \u00fcles t\u00f5stmine salvestab uue koodi<\/p>\n<p>Sulgemisviis:<br \/>\n&#8211; sulgege k\u00f6idiku lukk<br \/>\n&#8211; p\u00f6\u00f6rake koodivalikuid juhuslikku asendisse<\/p>\n","protected":false},"featured_media":21443,"template":"","meta":[],"product_brand":[],"product_cat":[120,80,86],"product_tag":[],"class_list":{"0":"post-21442","1":"product","2":"type-product","3":"status-publish","4":"has-post-thumbnail","6":"product_cat-koodlukud","7":"product_cat-lukud","8":"product_cat-tabalukud","10":"first","11":"instock","12":"taxable","13":"shipping-taxable","14":"product-type-simple"},"_links":{"self":[{"href":"https:\/\/estkey.ee\/et\/wp-json\/wp\/v2\/product\/21442","targetHints":{"allow":["GET"]}}],"collection":[{"href":"https:\/\/estkey.ee\/et\/wp-json\/wp\/v2\/product"}],"about":[{"href":"https:\/\/estkey.ee\/et\/wp-json\/wp\/v2\/types\/product"}],"wp:featuredmedia":[{"embeddable":true,"href":"https:\/\/estkey.ee\/et\/wp-json\/wp\/v2\/media\/21443"}],"wp:attachment":[{"href":"https:\/\/estkey.ee\/et\/wp-json\/wp\/v2\/media?parent=21442"}],"wp:term":[{"taxonomy":"product_brand","embeddable":true,"href":"https:\/\/estkey.ee\/et\/wp-json\/wp\/v2\/product_brand?post=21442"},{"taxonomy":"product_cat","embeddable":true,"href":"https:\/\/estkey.ee\/et\/wp-json\/wp\/v2\/product_cat?post=21442"},{"taxonomy":"product_tag","embeddable":true,"href":"https:\/\/estkey.ee\/et\/wp-json\/wp\/v2\/product_tag?post=21442"}],"curies":[{"name":"wp","href":"https:\/\/api.w.org\/{rel}","templated":true}]}}