{"id":21430,"date":"2021-11-01T14:05:11","date_gmt":"2021-11-01T12:05:11","guid":{"rendered":"https:\/\/estkey.ee\/?post_type=product&#038;p=21430"},"modified":"2023-05-02T08:06:24","modified_gmt":"2023-05-02T06:06:24","slug":"euro-locks-postkasti-lukk","status":"publish","type":"product","link":"https:\/\/estkey.ee\/et\/product\/euro-locks-postkasti-lukk\/","title":{"rendered":"Euro-locks B671 postkasti lukk"},"content":{"rendered":"","protected":false},"excerpt":{"rendered":"<p><img loading=\"lazy\" decoding=\"async\" class=\"alignnone size-medium wp-image-21945\" src=\"https:\/\/estkey.ee\/wp-content\/uploads\/2021\/11\/euro-locks_size-300x300.jpg\" alt=\"\" width=\"300\" height=\"300\" srcset=\"https:\/\/estkey.ee\/wp-content\/uploads\/2021\/11\/euro-locks_size-300x300.jpg 300w, https:\/\/estkey.ee\/wp-content\/uploads\/2021\/11\/euro-locks_size-150x150.jpg 150w, https:\/\/estkey.ee\/wp-content\/uploads\/2021\/11\/euro-locks_size.jpg 600w\" sizes=\"auto, (max-width: 300px) 100vw, 300px\" \/><\/p>\n<p>Lukk on m\u00f5eldud p\u00f6\u00f6rleva riiviga suletavaks.<\/p>\n","protected":false},"featured_media":21431,"template":"","meta":[],"product_brand":[],"product_cat":[80,83],"product_tag":[],"class_list":{"0":"post-21430","1":"product","2":"type-product","3":"status-publish","4":"has-post-thumbnail","6":"product_cat-lukud","7":"product_cat-postlukud","9":"first","10":"instock","11":"taxable","12":"shipping-taxable","13":"product-type-simple"},"_links":{"self":[{"href":"https:\/\/estkey.ee\/et\/wp-json\/wp\/v2\/product\/21430","targetHints":{"allow":["GET"]}}],"collection":[{"href":"https:\/\/estkey.ee\/et\/wp-json\/wp\/v2\/product"}],"about":[{"href":"https:\/\/estkey.ee\/et\/wp-json\/wp\/v2\/types\/product"}],"wp:featuredmedia":[{"embeddable":true,"href":"https:\/\/estkey.ee\/et\/wp-json\/wp\/v2\/media\/21431"}],"wp:attachment":[{"href":"https:\/\/estkey.ee\/et\/wp-json\/wp\/v2\/media?parent=21430"}],"wp:term":[{"taxonomy":"product_brand","embeddable":true,"href":"https:\/\/estkey.ee\/et\/wp-json\/wp\/v2\/product_brand?post=21430"},{"taxonomy":"product_cat","embeddable":true,"href":"https:\/\/estkey.ee\/et\/wp-json\/wp\/v2\/product_cat?post=21430"},{"taxonomy":"product_tag","embeddable":true,"href":"https:\/\/estkey.ee\/et\/wp-json\/wp\/v2\/product_tag?post=21430"}],"curies":[{"name":"wp","href":"https:\/\/api.w.org\/{rel}","templated":true}]}}