{"id":21310,"date":"2021-10-27T10:57:25","date_gmt":"2021-10-27T08:57:25","guid":{"rendered":"https:\/\/estkey.ee\/?post_type=product&#038;p=21310"},"modified":"2023-05-06T14:54:11","modified_gmt":"2023-05-06T12:54:11","slug":"abus-e45-30-30l","status":"publish","type":"product","link":"https:\/\/estkey.ee\/et\/product\/abus-e45-30-30l\/","title":{"rendered":"Abus E45 (30\/30L) lukus\u00fcdamik"},"content":{"rendered":"","protected":false},"excerpt":{"rendered":"<p>Rakendus:<br \/>\n&#8211; majade ja korterite v\u00e4lisuksed.<\/p>\n<p>Kasutamine:<br \/>\n&#8211; avaneb m\u00f5lemalt poolt, v\u00f5tmega (KE45 &#8211; seestpoolt k\u00e4epidemega)<\/p>\n<p>Tehnoloogia:<br \/>\n&#8211; paratsentrilise profiiliga v\u00f5ti, mis muudab selle manipuleerimise keeruliseks,<br \/>\n&#8211; n\u00f6\u00f6pn\u00f5elad seente kujul,<br \/>\n&#8211; viis aktiivset siibrit (suuruses 25\/25 neli klappi)<br \/>\n&#8211; kaasas kolm v\u00f5tit<\/p>\n","protected":false},"featured_media":21311,"template":"","meta":[],"product_brand":[],"product_cat":[80,123],"product_tag":[],"class_list":{"0":"post-21310","1":"product","2":"type-product","3":"status-publish","4":"has-post-thumbnail","6":"product_cat-lukud","7":"product_cat-sudamikud","9":"first","10":"instock","11":"taxable","12":"shipping-taxable","13":"product-type-simple"},"_links":{"self":[{"href":"https:\/\/estkey.ee\/et\/wp-json\/wp\/v2\/product\/21310","targetHints":{"allow":["GET"]}}],"collection":[{"href":"https:\/\/estkey.ee\/et\/wp-json\/wp\/v2\/product"}],"about":[{"href":"https:\/\/estkey.ee\/et\/wp-json\/wp\/v2\/types\/product"}],"wp:featuredmedia":[{"embeddable":true,"href":"https:\/\/estkey.ee\/et\/wp-json\/wp\/v2\/media\/21311"}],"wp:attachment":[{"href":"https:\/\/estkey.ee\/et\/wp-json\/wp\/v2\/media?parent=21310"}],"wp:term":[{"taxonomy":"product_brand","embeddable":true,"href":"https:\/\/estkey.ee\/et\/wp-json\/wp\/v2\/product_brand?post=21310"},{"taxonomy":"product_cat","embeddable":true,"href":"https:\/\/estkey.ee\/et\/wp-json\/wp\/v2\/product_cat?post=21310"},{"taxonomy":"product_tag","embeddable":true,"href":"https:\/\/estkey.ee\/et\/wp-json\/wp\/v2\/product_tag?post=21310"}],"curies":[{"name":"wp","href":"https:\/\/api.w.org\/{rel}","templated":true}]}}