{"id":21285,"date":"2021-10-24T10:55:20","date_gmt":"2021-10-24T08:55:20","guid":{"rendered":"https:\/\/estkey.ee\/?post_type=product&#038;p=21285"},"modified":"2026-05-07T08:21:07","modified_gmt":"2026-05-07T06:21:07","slug":"jania-z005-t-3-pindlukk","status":"publish","type":"product","link":"https:\/\/estkey.ee\/et\/product\/jania-z005-t-3-pindlukk\/","title":{"rendered":"JANIA Z005-T-3 pindlukk"},"content":{"rendered":"","protected":false},"excerpt":{"rendered":"<p>Pika v\u00f5tmega risttala t\u00fc\u00fcpi lukk, mis on madala sissemurdmisriskiga ruumide peamine kaitse.<\/p>\n","protected":false},"featured_media":21286,"template":"","meta":[],"product_brand":[],"product_cat":[80,111],"product_tag":[],"class_list":{"0":"post-21285","1":"product","2":"type-product","3":"status-publish","4":"has-post-thumbnail","6":"product_cat-lukud","7":"product_cat-pindlukud","9":"first","10":"instock","11":"taxable","12":"shipping-taxable","13":"purchasable","14":"product-type-simple"},"_links":{"self":[{"href":"https:\/\/estkey.ee\/et\/wp-json\/wp\/v2\/product\/21285","targetHints":{"allow":["GET"]}}],"collection":[{"href":"https:\/\/estkey.ee\/et\/wp-json\/wp\/v2\/product"}],"about":[{"href":"https:\/\/estkey.ee\/et\/wp-json\/wp\/v2\/types\/product"}],"wp:featuredmedia":[{"embeddable":true,"href":"https:\/\/estkey.ee\/et\/wp-json\/wp\/v2\/media\/21286"}],"wp:attachment":[{"href":"https:\/\/estkey.ee\/et\/wp-json\/wp\/v2\/media?parent=21285"}],"wp:term":[{"taxonomy":"product_brand","embeddable":true,"href":"https:\/\/estkey.ee\/et\/wp-json\/wp\/v2\/product_brand?post=21285"},{"taxonomy":"product_cat","embeddable":true,"href":"https:\/\/estkey.ee\/et\/wp-json\/wp\/v2\/product_cat?post=21285"},{"taxonomy":"product_tag","embeddable":true,"href":"https:\/\/estkey.ee\/et\/wp-json\/wp\/v2\/product_tag?post=21285"}],"curies":[{"name":"wp","href":"https:\/\/api.w.org\/{rel}","templated":true}]}}