{"id":20187,"date":"2020-08-12T17:20:59","date_gmt":"2020-08-12T15:20:59","guid":{"rendered":"https:\/\/estkey.ee\/?post_type=product&#038;p=20187"},"modified":"2023-05-09T10:06:07","modified_gmt":"2023-05-09T08:06:07","slug":"rayovac-13-1-45v-patarei","status":"publish","type":"product","link":"https:\/\/estkey.ee\/et\/product\/rayovac-13-1-45v-patarei\/","title":{"rendered":"Rayovac 13 (1.45v) patarei"},"content":{"rendered":"<img loading=\"lazy\" decoding=\"async\" class=\"alignnone size-medium wp-image-20188\" src=\"https:\/\/estkey.ee\/wp-content\/uploads\/2020\/08\/0000028870-300x300.jpg\" alt=\"\" width=\"300\" height=\"300\" srcset=\"https:\/\/estkey.ee\/wp-content\/uploads\/2020\/08\/0000028870-300x300.jpg 300w, https:\/\/estkey.ee\/wp-content\/uploads\/2020\/08\/0000028870-150x150.jpg 150w, https:\/\/estkey.ee\/wp-content\/uploads\/2020\/08\/0000028870.jpg 400w\" sizes=\"auto, (max-width: 300px) 100vw, 300px\" \/>","protected":false},"excerpt":{"rendered":"<p>Pakendi hind on 5.50eur,pakendis on 6 patareid,on ka v\u00f5imalus osta \u00fchte kaupa,hind on 1eur t\u00fckk.<\/p>\n","protected":false},"featured_media":20188,"template":"","meta":[],"product_brand":[],"product_cat":[138],"product_tag":[],"class_list":{"0":"post-20187","1":"product","2":"type-product","3":"status-publish","4":"has-post-thumbnail","6":"product_cat-batteries","8":"first","9":"instock","10":"taxable","11":"shipping-taxable","12":"product-type-simple"},"_links":{"self":[{"href":"https:\/\/estkey.ee\/et\/wp-json\/wp\/v2\/product\/20187","targetHints":{"allow":["GET"]}}],"collection":[{"href":"https:\/\/estkey.ee\/et\/wp-json\/wp\/v2\/product"}],"about":[{"href":"https:\/\/estkey.ee\/et\/wp-json\/wp\/v2\/types\/product"}],"wp:featuredmedia":[{"embeddable":true,"href":"https:\/\/estkey.ee\/et\/wp-json\/wp\/v2\/media\/20188"}],"wp:attachment":[{"href":"https:\/\/estkey.ee\/et\/wp-json\/wp\/v2\/media?parent=20187"}],"wp:term":[{"taxonomy":"product_brand","embeddable":true,"href":"https:\/\/estkey.ee\/et\/wp-json\/wp\/v2\/product_brand?post=20187"},{"taxonomy":"product_cat","embeddable":true,"href":"https:\/\/estkey.ee\/et\/wp-json\/wp\/v2\/product_cat?post=20187"},{"taxonomy":"product_tag","embeddable":true,"href":"https:\/\/estkey.ee\/et\/wp-json\/wp\/v2\/product_tag?post=20187"}],"curies":[{"name":"wp","href":"https:\/\/api.w.org\/{rel}","templated":true}]}}