{"id":19916,"date":"2020-08-06T16:01:16","date_gmt":"2020-08-06T14:01:16","guid":{"rendered":"https:\/\/estkey.ee\/?post_type=product&#038;p=19916"},"modified":"2026-02-12T18:34:34","modified_gmt":"2026-02-12T16:34:34","slug":"assa-701-lukusudamik-analoog","status":"publish","type":"product","link":"https:\/\/estkey.ee\/et\/product\/assa-701-lukusudamik-analoog\/","title":{"rendered":"EK 701 lukus\u00fcdamik"},"content":{"rendered":"","protected":false},"excerpt":{"rendered":"<p>Ovaalne lukus\u00fcdamik, Skandinaavia standardi lukkudele. Pinnakate kroom. Komplektis 5 v\u00f5tit.<\/p>\n","protected":false},"featured_media":19918,"template":"","meta":[],"product_brand":[],"product_cat":[80,123],"product_tag":[],"class_list":{"0":"post-19916","1":"product","2":"type-product","3":"status-publish","4":"has-post-thumbnail","6":"product_cat-lukud","7":"product_cat-sudamikud","9":"first","10":"instock","11":"taxable","12":"shipping-taxable","13":"product-type-simple"},"_links":{"self":[{"href":"https:\/\/estkey.ee\/et\/wp-json\/wp\/v2\/product\/19916","targetHints":{"allow":["GET"]}}],"collection":[{"href":"https:\/\/estkey.ee\/et\/wp-json\/wp\/v2\/product"}],"about":[{"href":"https:\/\/estkey.ee\/et\/wp-json\/wp\/v2\/types\/product"}],"wp:featuredmedia":[{"embeddable":true,"href":"https:\/\/estkey.ee\/et\/wp-json\/wp\/v2\/media\/19918"}],"wp:attachment":[{"href":"https:\/\/estkey.ee\/et\/wp-json\/wp\/v2\/media?parent=19916"}],"wp:term":[{"taxonomy":"product_brand","embeddable":true,"href":"https:\/\/estkey.ee\/et\/wp-json\/wp\/v2\/product_brand?post=19916"},{"taxonomy":"product_cat","embeddable":true,"href":"https:\/\/estkey.ee\/et\/wp-json\/wp\/v2\/product_cat?post=19916"},{"taxonomy":"product_tag","embeddable":true,"href":"https:\/\/estkey.ee\/et\/wp-json\/wp\/v2\/product_tag?post=19916"}],"curies":[{"name":"wp","href":"https:\/\/api.w.org\/{rel}","templated":true}]}}