{"id":19914,"date":"2020-08-06T15:54:53","date_gmt":"2020-08-06T13:54:53","guid":{"rendered":"https:\/\/estkey.ee\/?post_type=product&#038;p=19914"},"modified":"2026-03-30T12:37:29","modified_gmt":"2026-03-30T10:37:29","slug":"assa-701-lukusudamik","status":"publish","type":"product","link":"https:\/\/estkey.ee\/et\/product\/assa-701-lukusudamik\/","title":{"rendered":"ASSA 701 (HH prifiil) lukus\u00fcdamik"},"content":{"rendered":"","protected":false},"excerpt":{"rendered":"<p>Selle seeria silindritega saab valmistada Macter Key s\u00fcsteeme. \u00c4\u00e4rmiselt kvaliteetsetel ASSA silindritel on 7 salajast tihvti. Silindri k\u00f5igi osade k\u00f5rge t\u00e4psus ei v\u00f5imalda silindrit avada v\u00f5\u00f5rkeha,muukraua v\u00f5i &#8220;p\u00f5rutamise&#8221; meetodiga. Kaks \u00fclitugevast terasvardast kaitsevad silindrit puurimiskahjustuste eest.<\/p>\n","protected":false},"featured_media":19915,"template":"","meta":[],"product_brand":[],"product_cat":[80,123],"product_tag":[],"class_list":{"0":"post-19914","1":"product","2":"type-product","3":"status-publish","4":"has-post-thumbnail","6":"product_cat-lukud","7":"product_cat-sudamikud","9":"first","10":"instock","11":"taxable","12":"shipping-taxable","13":"product-type-simple"},"_links":{"self":[{"href":"https:\/\/estkey.ee\/et\/wp-json\/wp\/v2\/product\/19914","targetHints":{"allow":["GET"]}}],"collection":[{"href":"https:\/\/estkey.ee\/et\/wp-json\/wp\/v2\/product"}],"about":[{"href":"https:\/\/estkey.ee\/et\/wp-json\/wp\/v2\/types\/product"}],"wp:featuredmedia":[{"embeddable":true,"href":"https:\/\/estkey.ee\/et\/wp-json\/wp\/v2\/media\/19915"}],"wp:attachment":[{"href":"https:\/\/estkey.ee\/et\/wp-json\/wp\/v2\/media?parent=19914"}],"wp:term":[{"taxonomy":"product_brand","embeddable":true,"href":"https:\/\/estkey.ee\/et\/wp-json\/wp\/v2\/product_brand?post=19914"},{"taxonomy":"product_cat","embeddable":true,"href":"https:\/\/estkey.ee\/et\/wp-json\/wp\/v2\/product_cat?post=19914"},{"taxonomy":"product_tag","embeddable":true,"href":"https:\/\/estkey.ee\/et\/wp-json\/wp\/v2\/product_tag?post=19914"}],"curies":[{"name":"wp","href":"https:\/\/api.w.org\/{rel}","templated":true}]}}