{"id":16281,"date":"2020-03-04T17:04:14","date_gmt":"2020-03-04T15:04:14","guid":{"rendered":"https:\/\/estkey.ee\/?post_type=product&#038;p=16281"},"modified":"2023-05-09T08:25:27","modified_gmt":"2023-05-09T06:25:27","slug":"elbor-1-04-04-lukk","status":"publish","type":"product","link":"https:\/\/estkey.ee\/et\/product\/elbor-1-04-04-lukk\/","title":{"rendered":"ELBOR 1.04.04 lukk"},"content":{"rendered":"","protected":false},"excerpt":{"rendered":"<p>Kuue turvahoovaga kerglukk. Luku kangmehhanismi t\u00e4iustatud disain tagab vastupidavuse ja t\u00f6\u00f6kindluse, pehmuse ja t\u00f6\u00f6kindluse t\u00e4nu sellele, et see kasutab seeriaviisiliselt toodetud spiraalvedrusid. Keerdvedrud tagavad kangide rangelt vertikaalse liikumise. Mitme m\u00e4hise olemasolu vedrudel v\u00e4listab t\u00e4ielikult nende purunemise v\u00f5imaluse Kolm terasest silindrilist varda l\u00e4bim\u00f5\u00f5duga 12 mm, \u00fcleulatuvus 21,5 mm, 2-suunaline mehhanism.<\/p>\n","protected":false},"featured_media":16282,"template":"","meta":[],"product_brand":[],"product_cat":[121,80,93],"product_tag":[],"class_list":{"0":"post-16281","1":"product","2":"type-product","3":"status-publish","4":"has-post-thumbnail","6":"product_cat-lisalukud","7":"product_cat-lukud","8":"product_cat-ukselukud","10":"first","11":"instock","12":"taxable","13":"shipping-taxable","14":"product-type-simple"},"_links":{"self":[{"href":"https:\/\/estkey.ee\/et\/wp-json\/wp\/v2\/product\/16281","targetHints":{"allow":["GET"]}}],"collection":[{"href":"https:\/\/estkey.ee\/et\/wp-json\/wp\/v2\/product"}],"about":[{"href":"https:\/\/estkey.ee\/et\/wp-json\/wp\/v2\/types\/product"}],"wp:featuredmedia":[{"embeddable":true,"href":"https:\/\/estkey.ee\/et\/wp-json\/wp\/v2\/media\/16282"}],"wp:attachment":[{"href":"https:\/\/estkey.ee\/et\/wp-json\/wp\/v2\/media?parent=16281"}],"wp:term":[{"taxonomy":"product_brand","embeddable":true,"href":"https:\/\/estkey.ee\/et\/wp-json\/wp\/v2\/product_brand?post=16281"},{"taxonomy":"product_cat","embeddable":true,"href":"https:\/\/estkey.ee\/et\/wp-json\/wp\/v2\/product_cat?post=16281"},{"taxonomy":"product_tag","embeddable":true,"href":"https:\/\/estkey.ee\/et\/wp-json\/wp\/v2\/product_tag?post=16281"}],"curies":[{"name":"wp","href":"https:\/\/api.w.org\/{rel}","templated":true}]}}