{"id":15550,"date":"2020-02-12T16:01:59","date_gmt":"2020-02-12T14:01:59","guid":{"rendered":"https:\/\/estkey.ee\/?post_type=product&#038;p=15550"},"modified":"2023-05-09T08:26:34","modified_gmt":"2023-05-09T06:26:34","slug":"elbor-1-06-61-pindlukk","status":"publish","type":"product","link":"https:\/\/estkey.ee\/et\/product\/elbor-1-06-61-pindlukk\/","title":{"rendered":"ELBOR 1.06.61 pindlukk"},"content":{"rendered":"","protected":false},"excerpt":{"rendered":"<p>Pindmonteeritav tugevdatud konstruktsiooniga ukselukk koos lukustuskarbiga. Viis terasest silindrilist varda l\u00e4bim\u00f5\u00f5duga 18 mm, \u00fcleulatusega 40 mm, 4-suunaline mehhanism. Kaitse kriminaalse h\u00e4kkimise, rullimise, puurimise, saagimise, pigistamise eest. T\u00e4iendav 2-suunaline polt terasvarda kujul l\u00e4bim\u00f5\u00f5duga 18 mm.<\/p>\n","protected":false},"featured_media":21514,"template":"","meta":[],"product_brand":[],"product_cat":[111],"product_tag":[],"class_list":{"0":"post-15550","1":"product","2":"type-product","3":"status-publish","4":"has-post-thumbnail","6":"product_cat-pindlukud","8":"first","9":"instock","10":"taxable","11":"shipping-taxable","12":"product-type-simple"},"_links":{"self":[{"href":"https:\/\/estkey.ee\/et\/wp-json\/wp\/v2\/product\/15550","targetHints":{"allow":["GET"]}}],"collection":[{"href":"https:\/\/estkey.ee\/et\/wp-json\/wp\/v2\/product"}],"about":[{"href":"https:\/\/estkey.ee\/et\/wp-json\/wp\/v2\/types\/product"}],"wp:featuredmedia":[{"embeddable":true,"href":"https:\/\/estkey.ee\/et\/wp-json\/wp\/v2\/media\/21514"}],"wp:attachment":[{"href":"https:\/\/estkey.ee\/et\/wp-json\/wp\/v2\/media?parent=15550"}],"wp:term":[{"taxonomy":"product_brand","embeddable":true,"href":"https:\/\/estkey.ee\/et\/wp-json\/wp\/v2\/product_brand?post=15550"},{"taxonomy":"product_cat","embeddable":true,"href":"https:\/\/estkey.ee\/et\/wp-json\/wp\/v2\/product_cat?post=15550"},{"taxonomy":"product_tag","embeddable":true,"href":"https:\/\/estkey.ee\/et\/wp-json\/wp\/v2\/product_tag?post=15550"}],"curies":[{"name":"wp","href":"https:\/\/api.w.org\/{rel}","templated":true}]}}