{"id":15547,"date":"2020-02-12T15:54:40","date_gmt":"2020-02-12T13:54:40","guid":{"rendered":"https:\/\/estkey.ee\/?post_type=product&#038;p=15547"},"modified":"2023-05-09T08:26:49","modified_gmt":"2023-05-09T06:26:49","slug":"elbor-1-06-52-pindlukk","status":"publish","type":"product","link":"https:\/\/estkey.ee\/et\/product\/elbor-1-06-52-pindlukk\/","title":{"rendered":"ELBOR 1.06.52 pindlukk"},"content":{"rendered":"","protected":false},"excerpt":{"rendered":"<p>Pindlukk on m\u00f5eldud paigaldamiseks metallist v\u00e4lisuksele (garaa\u017eit\u00fc\u00fcp) pealukuna, vasak-\/parempoolsele uksele sobiv universaalne avanemisk\u00fclg) avanemispool.<\/p>\n<p>Lukustushambad ja U-kujuline riiv \u2013 takistavad luku avamist peav\u00f5tmete abil<br \/>\n5 hammas &#8211; pakub kaitset sissemurdmise eest keerates<br \/>\nKaldus &#8211; kaitse j\u00f5ulise sissemurdmise eest v\u00e4ljal\u00f6\u00f6mise teel<br \/>\nVarraste ulatus 40 mm &#8211; kaitse ukse muljumise eest<br \/>\nP\u00f6\u00f6rlev kuumt\u00f6\u00f6deldud siset\u00fckk s\u00fcdamikus \u2013 kaitse s\u00fcdamike saagimise eest<br \/>\nKuumt\u00f6\u00f6deldud turvapall (fiksaator) kaitseb lukust v\u00e4lja puurimise eest.<\/p>\n","protected":false},"featured_media":21517,"template":"","meta":[],"product_brand":[],"product_cat":[111],"product_tag":[],"class_list":{"0":"post-15547","1":"product","2":"type-product","3":"status-publish","4":"has-post-thumbnail","6":"product_cat-pindlukud","8":"first","9":"instock","10":"taxable","11":"shipping-taxable","12":"product-type-simple"},"_links":{"self":[{"href":"https:\/\/estkey.ee\/et\/wp-json\/wp\/v2\/product\/15547","targetHints":{"allow":["GET"]}}],"collection":[{"href":"https:\/\/estkey.ee\/et\/wp-json\/wp\/v2\/product"}],"about":[{"href":"https:\/\/estkey.ee\/et\/wp-json\/wp\/v2\/types\/product"}],"wp:featuredmedia":[{"embeddable":true,"href":"https:\/\/estkey.ee\/et\/wp-json\/wp\/v2\/media\/21517"}],"wp:attachment":[{"href":"https:\/\/estkey.ee\/et\/wp-json\/wp\/v2\/media?parent=15547"}],"wp:term":[{"taxonomy":"product_brand","embeddable":true,"href":"https:\/\/estkey.ee\/et\/wp-json\/wp\/v2\/product_brand?post=15547"},{"taxonomy":"product_cat","embeddable":true,"href":"https:\/\/estkey.ee\/et\/wp-json\/wp\/v2\/product_cat?post=15547"},{"taxonomy":"product_tag","embeddable":true,"href":"https:\/\/estkey.ee\/et\/wp-json\/wp\/v2\/product_tag?post=15547"}],"curies":[{"name":"wp","href":"https:\/\/api.w.org\/{rel}","templated":true}]}}