{"id":15543,"date":"2020-02-12T15:47:54","date_gmt":"2020-02-12T13:47:54","guid":{"rendered":"https:\/\/estkey.ee\/?post_type=product&#038;p=15543"},"modified":"2023-05-09T08:27:02","modified_gmt":"2023-05-09T06:27:02","slug":"elbor-1-06-51-pindlukk","status":"publish","type":"product","link":"https:\/\/estkey.ee\/et\/product\/elbor-1-06-51-pindlukk\/","title":{"rendered":"ELBOR 1.06.51 pindlukk"},"content":{"rendered":"","protected":false},"excerpt":{"rendered":"<p>Kangi pea kohal olev lukk. M\u00f5eldud paigaldamiseks metallustele. Hasp on valmistatud viiest silindrilisest 18 mm l\u00e4bim\u00f5\u00f5duga risttalast, mille maksimaalne \u00fcleulatus on 40 mm. V\u00f5tmeaugu eemaldamine &#8211; 64 mm. V\u00f5tme p\u00f6\u00f6rete arv &#8211; 4. Luku m\u00f5\u00f5dud &#8211; 135x146x30 mm. T\u00e4iskomplekt &#8211; 5 v\u00f5tit, poleeritud roostevabast terasest plaat, plastikkardin. Karastatud terasvarras asub \u00fches risttalas, mis tagab usaldusv\u00e4\u00e4rse kaitse saagimise eest. Kaitse kuritegeliku ja j\u00f5uga h\u00e4kkimise, puurimise, pigistamise eest.<\/p>\n","protected":false},"featured_media":21520,"template":"","meta":[],"product_brand":[],"product_cat":[111],"product_tag":[],"class_list":{"0":"post-15543","1":"product","2":"type-product","3":"status-publish","4":"has-post-thumbnail","6":"product_cat-pindlukud","8":"first","9":"instock","10":"taxable","11":"shipping-taxable","12":"product-type-simple"},"_links":{"self":[{"href":"https:\/\/estkey.ee\/et\/wp-json\/wp\/v2\/product\/15543","targetHints":{"allow":["GET"]}}],"collection":[{"href":"https:\/\/estkey.ee\/et\/wp-json\/wp\/v2\/product"}],"about":[{"href":"https:\/\/estkey.ee\/et\/wp-json\/wp\/v2\/types\/product"}],"wp:featuredmedia":[{"embeddable":true,"href":"https:\/\/estkey.ee\/et\/wp-json\/wp\/v2\/media\/21520"}],"wp:attachment":[{"href":"https:\/\/estkey.ee\/et\/wp-json\/wp\/v2\/media?parent=15543"}],"wp:term":[{"taxonomy":"product_brand","embeddable":true,"href":"https:\/\/estkey.ee\/et\/wp-json\/wp\/v2\/product_brand?post=15543"},{"taxonomy":"product_cat","embeddable":true,"href":"https:\/\/estkey.ee\/et\/wp-json\/wp\/v2\/product_cat?post=15543"},{"taxonomy":"product_tag","embeddable":true,"href":"https:\/\/estkey.ee\/et\/wp-json\/wp\/v2\/product_tag?post=15543"}],"curies":[{"name":"wp","href":"https:\/\/api.w.org\/{rel}","templated":true}]}}