{"id":4838,"date":"2015-11-25T08:48:50","date_gmt":"2015-11-25T06:48:50","guid":{"rendered":"http:\/\/127.0.0.1\/wordpress\/hugeshop\/?page_id=4838"},"modified":"2020-08-02T10:04:11","modified_gmt":"2020-08-02T08:04:11","slug":"about-us","status":"publish","type":"page","link":"https:\/\/estkey.ee\/et\/about-us\/","title":{"rendered":"Firmast"},"content":{"rendered":"[vc_row css=&#8221;.vc_custom_1452136087787{margin-top: 0px !important;margin-right: 0px !important;margin-bottom: 0px !important;margin-left: 0px !important;background-position: center !important;background-repeat: no-repeat !important;background-size: cover !important;}&#8221; el_class=&#8221;content-plantmore1&#8243;][vc_column el_class=&#8221;plantmore-intro&#8221; css=&#8221;.vc_custom_1452074502831{margin-right: 0px !important;margin-left: 0px !important;padding-top: 100px !important;padding-right: 50px !important;padding-bottom: 50px !important;padding-left: 50px !important;}&#8221;][vc_column_text]\n<h2 style=\"text-align: center;\"><strong>Meist<\/strong><\/h2>\n<p>Ingberg O\u00dc on asutatud 2009. aastal. Aastate jooksul on kogunenud palju kogemusi erinevate tootjate mitmesuguste lukustus- ja v\u00f5tmes\u00fcsteemidega t\u00f6\u00f6tamisel. Meie eesm\u00e4rk on pakkuda oma klientidele parimat tootevalikut juhtivate lukustusettev\u00f5tete hulgast. Meie saidilt leiate suurima valiku v\u00f5tmeid ja lukke, samuti nendega seotud tooteid.<br \/>\nTagame tellimuste kiire tarneaja kogu Eestis.[\/vc_column_text][vc_single_image image=&#8221;15899&#8243; img_size=&#8221;full&#8221; alignment=&#8221;center&#8221; css=&#8221;.vc_custom_1590058970180{margin-top: 0px !important;margin-right: 0px !important;margin-bottom: 0px !important;margin-left: 0px !important;padding-right: 0px !important;padding-left: 0px !important;}&#8221;][\/vc_column][\/vc_row]","protected":false},"excerpt":{"rendered":"<p>[vc_row css=&#8221;.vc_custom_1452136087787{margin-top: 0px !important;margin-right: 0px !important;margin-bottom: 0px !important;margin-left: 0px !important;background-position: center !important;background-repeat: no-repeat !important;background-size: cover !important;}&#8221; el_class=&#8221;content-plantmore1&#8243;][vc_column el_class=&#8221;plantmore-intro&#8221; css=&#8221;.vc_custom_1452074502831{margin-right: 0px !important;margin-left: 0px<\/p>\n","protected":false},"author":4,"featured_media":0,"parent":0,"menu_order":0,"comment_status":"closed","ping_status":"closed","template":"page-templates\/about-page.php","meta":{"footnotes":""},"class_list":["post-4838","page","type-page","status-publish","hentry"],"_links":{"self":[{"href":"https:\/\/estkey.ee\/et\/wp-json\/wp\/v2\/pages\/4838","targetHints":{"allow":["GET"]}}],"collection":[{"href":"https:\/\/estkey.ee\/et\/wp-json\/wp\/v2\/pages"}],"about":[{"href":"https:\/\/estkey.ee\/et\/wp-json\/wp\/v2\/types\/page"}],"author":[{"embeddable":true,"href":"https:\/\/estkey.ee\/et\/wp-json\/wp\/v2\/users\/4"}],"replies":[{"embeddable":true,"href":"https:\/\/estkey.ee\/et\/wp-json\/wp\/v2\/comments?post=4838"}],"version-history":[{"count":15,"href":"https:\/\/estkey.ee\/et\/wp-json\/wp\/v2\/pages\/4838\/revisions"}],"predecessor-version":[{"id":19747,"href":"https:\/\/estkey.ee\/et\/wp-json\/wp\/v2\/pages\/4838\/revisions\/19747"}],"wp:attachment":[{"href":"https:\/\/estkey.ee\/et\/wp-json\/wp\/v2\/media?parent=4838"}],"curies":[{"name":"wp","href":"https:\/\/api.w.org\/{rel}","templated":true}]}}