{"id":3,"date":"2020-01-09T11:37:32","date_gmt":"2020-01-09T11:37:32","guid":{"rendered":"https:\/\/estkey.ee\/?page_id=3"},"modified":"2020-03-10T09:45:22","modified_gmt":"2020-03-10T07:45:22","slug":"privacy-policy","status":"publish","type":"page","link":"https:\/\/estkey.ee\/et\/privacy-policy\/","title":{"rendered":"Privaatsuspoliitika"},"content":{"rendered":"[vc_row][vc_column][vc_column_text]\r\n<h3><span style=\"font-family: tahoma, arial, helvetica, sans-serif;\">Turvaline ostukoht<\/span><\/h3>\r\n<p><span style=\"font-family: tahoma, arial, helvetica, sans-serif;\">Veebipoest tellimuste vormistamisega ja ostu sooritamise k\u00e4igus teatavaks saanud personaalseid kliendi andmeid k\u00e4sitletakse kui konfidentsiaalset infot. Ingberg O\u00dc ei avalda kliendi isikuandmeid kolmandatele isikutele ilma kliendi loata. Ingberg O\u00dc&#8217;ile usaldatud isikuandmeid koheldakse rangelt konfidentsiaalselt ning neid kasutatakse vaid andmete kogumise juures m\u00e4rgitud eesm\u00e4rkidel.<\/span><\/p>\r\n<p>&nbsp;<\/p>\r\n<p><span style=\"font-family: tahoma, arial, helvetica, sans-serif;\">Kliendi personaalseid andmeid kasutatakse vaid tellitud toodete k\u00e4ttetoimetamiseks v\u00f5i tellimustega seotud k\u00fcsimuste lahendamisel.<\/span><\/p>\r\n<p>&nbsp;<\/p>\r\n<h3><span style=\"font-family: tahoma, arial, helvetica, sans-serif;\">Lisainfo<\/span><\/h3>\r\n<p><span style=\"font-family: tahoma, arial, helvetica, sans-serif;\">Tekkivate k\u00fcsimuste korral palume v\u00f5tta \u00fchendust telefonidel v\u00f5i e-mailil:<\/span><\/p>\r\n<p><span style=\"font-family: tahoma, arial, helvetica, sans-serif;\">e-mail:\u00a0<strong>info@estkey.ee<\/strong><\/span><\/p>\r\n<p><span style=\"font-family: tahoma, arial, helvetica, sans-serif;\">Tel:\u00a0<strong>+372 58180303<\/strong><\/span><\/p>\r\n<p><span style=\"font-family: tahoma, arial, helvetica, sans-serif;\"><strong>Ingberg O\u00dc<\/strong><\/span><\/p>\r\n[\/vc_column_text][\/vc_column][\/vc_row]","protected":false},"excerpt":{"rendered":"<p>[vc_row][vc_column][vc_column_text] Turvaline ostukoht Veebipoest tellimuste vormistamisega ja ostu sooritamise k\u00e4igus teatavaks saanud personaalseid kliendi andmeid k\u00e4sitletakse kui konfidentsiaalset infot. Ingberg O\u00dc ei<\/p>\n","protected":false},"author":4,"featured_media":0,"parent":0,"menu_order":0,"comment_status":"closed","ping_status":"open","template":"","meta":{"footnotes":""},"class_list":["post-3","page","type-page","status-publish","hentry"],"_links":{"self":[{"href":"https:\/\/estkey.ee\/et\/wp-json\/wp\/v2\/pages\/3","targetHints":{"allow":["GET"]}}],"collection":[{"href":"https:\/\/estkey.ee\/et\/wp-json\/wp\/v2\/pages"}],"about":[{"href":"https:\/\/estkey.ee\/et\/wp-json\/wp\/v2\/types\/page"}],"author":[{"embeddable":true,"href":"https:\/\/estkey.ee\/et\/wp-json\/wp\/v2\/users\/4"}],"replies":[{"embeddable":true,"href":"https:\/\/estkey.ee\/et\/wp-json\/wp\/v2\/comments?post=3"}],"version-history":[{"count":12,"href":"https:\/\/estkey.ee\/et\/wp-json\/wp\/v2\/pages\/3\/revisions"}],"predecessor-version":[{"id":16578,"href":"https:\/\/estkey.ee\/et\/wp-json\/wp\/v2\/pages\/3\/revisions\/16578"}],"wp:attachment":[{"href":"https:\/\/estkey.ee\/et\/wp-json\/wp\/v2\/media?parent=3"}],"curies":[{"name":"wp","href":"https:\/\/api.w.org\/{rel}","templated":true}]}}